{"id":1118,"date":"2017-02-21T09:48:49","date_gmt":"2017-02-21T09:48:49","guid":{"rendered":"http:\/\/www.dydserveis.com\/?page_id=1118"},"modified":"2020-04-08T08:57:04","modified_gmt":"2020-04-08T08:57:04","slug":"blog-dyd-serveis","status":"publish","type":"page","link":"https:\/\/www.dydserveis.com\/ca\/blog-dyd-serveis\/","title":{"rendered":"COMPARTIM LES NOSTRES INQUIETUTS AMB TU&#8230;"},"content":{"rendered":"","protected":false},"excerpt":{"rendered":"","protected":false},"author":1,"featured_media":0,"parent":0,"menu_order":0,"comment_status":"open","ping_status":"open","template":"","meta":{"_joinchat":[],"footnotes":""},"class_list":["post-1118","page","type-page","status-publish","hentry"],"yoast_head":"<!-- This site is optimized with the Yoast SEO Premium plugin v18.2.1 (Yoast SEO v26.3) - https:\/\/yoast.com\/wordpress\/plugins\/seo\/ -->\n<title>Blog serveis inform\u00e0tics en Matar\u00f3<\/title>\n<meta name=\"robots\" content=\"index, follow, max-snippet:-1, max-image-preview:large, max-video-preview:-1\" \/>\n<link rel=\"canonical\" href=\"https:\/\/www.dydserveis.com\/ca\/blog-dyd-serveis\/\" \/>\n<meta property=\"og:locale\" content=\"ca_ES\" \/>\n<meta property=\"og:type\" content=\"article\" \/>\n<meta property=\"og:title\" content=\"COMPARTIM LES NOSTRES INQUIETUTS AMB TU...\" \/>\n<meta property=\"og:url\" content=\"https:\/\/www.dydserveis.com\/ca\/blog-dyd-serveis\/\" \/>\n<meta property=\"og:site_name\" content=\"D&amp;D Serveis Inform\u00e0tics | Servicios Inform\u00e0ticos Matar\u00f3\" \/>\n<meta property=\"article:publisher\" content=\"https:\/\/www.facebook.com\/dydserveisinformatics\/\" \/>\n<meta property=\"article:modified_time\" content=\"2020-04-08T08:57:04+00:00\" \/>\n<meta property=\"og:image\" content=\"https:\/\/www.dydserveis.com\/wp-content\/uploads\/2017\/02\/facebook-profile-image.jpeg\" \/>\n\t<meta property=\"og:image:width\" content=\"180\" \/>\n\t<meta property=\"og:image:height\" content=\"180\" \/>\n\t<meta property=\"og:image:type\" content=\"image\/jpeg\" \/>\n<meta name=\"twitter:card\" content=\"summary_large_image\" \/>\n<script type=\"application\/ld+json\" class=\"yoast-schema-graph\">{\"@context\":\"https:\/\/schema.org\",\"@graph\":[{\"@type\":\"WebPage\",\"@id\":\"https:\/\/www.dydserveis.com\/ca\/blog-dyd-serveis\/\",\"url\":\"https:\/\/www.dydserveis.com\/ca\/blog-dyd-serveis\/\",\"name\":\"Blog serveis inform\u00e0tics en Matar\u00f3\",\"isPartOf\":{\"@id\":\"https:\/\/www.dydserveis.com\/#website\"},\"datePublished\":\"2017-02-21T09:48:49+00:00\",\"dateModified\":\"2020-04-08T08:57:04+00:00\",\"breadcrumb\":{\"@id\":\"https:\/\/www.dydserveis.com\/ca\/blog-dyd-serveis\/#breadcrumb\"},\"inLanguage\":\"ca\",\"potentialAction\":[{\"@type\":\"ReadAction\",\"target\":[\"https:\/\/www.dydserveis.com\/ca\/blog-dyd-serveis\/\"]}]},{\"@type\":\"BreadcrumbList\",\"@id\":\"https:\/\/www.dydserveis.com\/ca\/blog-dyd-serveis\/#breadcrumb\",\"itemListElement\":[{\"@type\":\"ListItem\",\"position\":1,\"name\":\"Portada\",\"item\":\"https:\/\/www.dydserveis.com\/ca\/\"},{\"@type\":\"ListItem\",\"position\":2,\"name\":\"COMPARTIM LES NOSTRES INQUIETUTS AMB TU&#8230;\"}]},{\"@type\":\"WebSite\",\"@id\":\"https:\/\/www.dydserveis.com\/#website\",\"url\":\"https:\/\/www.dydserveis.com\/\",\"name\":\"D&amp;D Serveis Inform\u00e0tics | Servicios Inform\u00e0ticos Matar\u00f3\",\"description\":\"Servicios inform\u00e0ticos en Matar\u00f3 | Posicionamiento web\",\"publisher\":{\"@id\":\"https:\/\/www.dydserveis.com\/#organization\"},\"potentialAction\":[{\"@type\":\"SearchAction\",\"target\":{\"@type\":\"EntryPoint\",\"urlTemplate\":\"https:\/\/www.dydserveis.com\/?s={search_term_string}\"},\"query-input\":{\"@type\":\"PropertyValueSpecification\",\"valueRequired\":true,\"valueName\":\"search_term_string\"}}],\"inLanguage\":\"ca\"},{\"@type\":\"Organization\",\"@id\":\"https:\/\/www.dydserveis.com\/#organization\",\"name\":\"D&D Serveis Informatics\",\"url\":\"https:\/\/www.dydserveis.com\/\",\"logo\":{\"@type\":\"ImageObject\",\"inLanguage\":\"ca\",\"@id\":\"https:\/\/www.dydserveis.com\/#\/schema\/logo\/image\/\",\"url\":\"https:\/\/www.dydserveis.com\/wp-content\/uploads\/2017\/02\/cropped-logo_dyd_contacto.jpg\",\"contentUrl\":\"https:\/\/www.dydserveis.com\/wp-content\/uploads\/2017\/02\/cropped-logo_dyd_contacto.jpg\",\"width\":512,\"height\":512,\"caption\":\"D&D Serveis Informatics\"},\"image\":{\"@id\":\"https:\/\/www.dydserveis.com\/#\/schema\/logo\/image\/\"},\"sameAs\":[\"https:\/\/www.facebook.com\/dydserveisinformatics\/\",\"https:\/\/www.youtube.com\/user\/dmormi\"]}]}<\/script>\n<!-- \/ Yoast SEO Premium plugin. -->","yoast_head_json":{"title":"Blog serveis inform\u00e0tics en Matar\u00f3","robots":{"index":"index","follow":"follow","max-snippet":"max-snippet:-1","max-image-preview":"max-image-preview:large","max-video-preview":"max-video-preview:-1"},"canonical":"https:\/\/www.dydserveis.com\/ca\/blog-dyd-serveis\/","og_locale":"ca_ES","og_type":"article","og_title":"COMPARTIM LES NOSTRES INQUIETUTS AMB TU...","og_url":"https:\/\/www.dydserveis.com\/ca\/blog-dyd-serveis\/","og_site_name":"D&amp;D Serveis Inform\u00e0tics | Servicios Inform\u00e0ticos Matar\u00f3","article_publisher":"https:\/\/www.facebook.com\/dydserveisinformatics\/","article_modified_time":"2020-04-08T08:57:04+00:00","og_image":[{"width":180,"height":180,"url":"https:\/\/www.dydserveis.com\/wp-content\/uploads\/2017\/02\/facebook-profile-image.jpeg","type":"image\/jpeg"}],"twitter_card":"summary_large_image","schema":{"@context":"https:\/\/schema.org","@graph":[{"@type":"WebPage","@id":"https:\/\/www.dydserveis.com\/ca\/blog-dyd-serveis\/","url":"https:\/\/www.dydserveis.com\/ca\/blog-dyd-serveis\/","name":"Blog serveis inform\u00e0tics en Matar\u00f3","isPartOf":{"@id":"https:\/\/www.dydserveis.com\/#website"},"datePublished":"2017-02-21T09:48:49+00:00","dateModified":"2020-04-08T08:57:04+00:00","breadcrumb":{"@id":"https:\/\/www.dydserveis.com\/ca\/blog-dyd-serveis\/#breadcrumb"},"inLanguage":"ca","potentialAction":[{"@type":"ReadAction","target":["https:\/\/www.dydserveis.com\/ca\/blog-dyd-serveis\/"]}]},{"@type":"BreadcrumbList","@id":"https:\/\/www.dydserveis.com\/ca\/blog-dyd-serveis\/#breadcrumb","itemListElement":[{"@type":"ListItem","position":1,"name":"Portada","item":"https:\/\/www.dydserveis.com\/ca\/"},{"@type":"ListItem","position":2,"name":"COMPARTIM LES NOSTRES INQUIETUTS AMB TU&#8230;"}]},{"@type":"WebSite","@id":"https:\/\/www.dydserveis.com\/#website","url":"https:\/\/www.dydserveis.com\/","name":"D&amp;D Serveis Inform\u00e0tics | Servicios Inform\u00e0ticos Matar\u00f3","description":"Servicios inform\u00e0ticos en Matar\u00f3 | Posicionamiento web","publisher":{"@id":"https:\/\/www.dydserveis.com\/#organization"},"potentialAction":[{"@type":"SearchAction","target":{"@type":"EntryPoint","urlTemplate":"https:\/\/www.dydserveis.com\/?s={search_term_string}"},"query-input":{"@type":"PropertyValueSpecification","valueRequired":true,"valueName":"search_term_string"}}],"inLanguage":"ca"},{"@type":"Organization","@id":"https:\/\/www.dydserveis.com\/#organization","name":"D&D Serveis Informatics","url":"https:\/\/www.dydserveis.com\/","logo":{"@type":"ImageObject","inLanguage":"ca","@id":"https:\/\/www.dydserveis.com\/#\/schema\/logo\/image\/","url":"https:\/\/www.dydserveis.com\/wp-content\/uploads\/2017\/02\/cropped-logo_dyd_contacto.jpg","contentUrl":"https:\/\/www.dydserveis.com\/wp-content\/uploads\/2017\/02\/cropped-logo_dyd_contacto.jpg","width":512,"height":512,"caption":"D&D Serveis Informatics"},"image":{"@id":"https:\/\/www.dydserveis.com\/#\/schema\/logo\/image\/"},"sameAs":["https:\/\/www.facebook.com\/dydserveisinformatics\/","https:\/\/www.youtube.com\/user\/dmormi"]}]}},"_links":{"self":[{"href":"https:\/\/www.dydserveis.com\/ca\/wp-json\/wp\/v2\/pages\/1118","targetHints":{"allow":["GET"]}}],"collection":[{"href":"https:\/\/www.dydserveis.com\/ca\/wp-json\/wp\/v2\/pages"}],"about":[{"href":"https:\/\/www.dydserveis.com\/ca\/wp-json\/wp\/v2\/types\/page"}],"author":[{"embeddable":true,"href":"https:\/\/www.dydserveis.com\/ca\/wp-json\/wp\/v2\/users\/1"}],"replies":[{"embeddable":true,"href":"https:\/\/www.dydserveis.com\/ca\/wp-json\/wp\/v2\/comments?post=1118"}],"version-history":[{"count":5,"href":"https:\/\/www.dydserveis.com\/ca\/wp-json\/wp\/v2\/pages\/1118\/revisions"}],"predecessor-version":[{"id":2971,"href":"https:\/\/www.dydserveis.com\/ca\/wp-json\/wp\/v2\/pages\/1118\/revisions\/2971"}],"wp:attachment":[{"href":"https:\/\/www.dydserveis.com\/ca\/wp-json\/wp\/v2\/media?parent=1118"}],"curies":[{"name":"wp","href":"https:\/\/api.w.org\/{rel}","templated":true}]}}